{"id":399,"date":"2023-11-30T11:59:44","date_gmt":"2023-11-30T11:59:44","guid":{"rendered":"https:\/\/borgodamare.cambia-marketing.it\/?page_id=399"},"modified":"2025-02-17T10:11:29","modified_gmt":"2025-02-17T10:11:29","slug":"residence","status":"publish","type":"page","link":"https:\/\/residenceborgodamare.it\/de\/residence\/","title":{"rendered":"Die Residenz"},"content":{"rendered":"<div data-elementor-type=\"wp-page\" data-elementor-id=\"399\" class=\"elementor elementor-399\" data-elementor-post-type=\"page\">\n\t\t\t\t<div class=\"elementor-element elementor-element-1ffc2ff e-con-full e-flex e-con e-child\" data-id=\"1ffc2ff\" data-element_type=\"container\" data-e-type=\"container\">\n\t\t<div class=\"elementor-element elementor-element-19bd362 e-con-full e-flex e-con e-child\" data-id=\"19bd362\" data-element_type=\"container\" data-e-type=\"container\">\n\t\t\t\t<div class=\"elementor-element elementor-element-8cc3851 elementor-widget elementor-widget-heading\" data-id=\"8cc3851\" data-element_type=\"widget\" data-e-type=\"widget\" data-widget_type=\"heading.default\">\n\t\t\t\t<div class=\"elementor-widget-container\">\n\t\t\t\t\t<h2 class=\"elementor-heading-title elementor-size-default\">Borgo da mare<\/h2>\t\t\t\t<\/div>\n\t\t\t\t<\/div>\n\t\t\t\t<div class=\"elementor-element elementor-element-2872fd7 elementor-widget elementor-widget-heading\" data-id=\"2872fd7\" data-element_type=\"widget\" data-e-type=\"widget\" data-widget_type=\"heading.default\">\n\t\t\t\t<div class=\"elementor-widget-container\">\n\t\t\t\t\t<h2 class=\"elementor-heading-title elementor-size-default\">il residence<\/h2>\t\t\t\t<\/div>\n\t\t\t\t<\/div>\n\t\t\t\t<div class=\"elementor-element elementor-element-436a21c elementor-widget elementor-widget-text-editor\" data-id=\"436a21c\" data-element_type=\"widget\" data-e-type=\"widget\" data-widget_type=\"text-editor.default\">\n\t\t\t\t<div class=\"elementor-widget-container\">\n\t\t\t\t\t\t\t\t\t<p><strong>Die Residenz wurde 2008 eingerichtet.<\/strong> nach der Restaurierung von zwei H\u00e4usern, architektonischen Sch\u00f6nheiten des <strong>1500<\/strong>die unter anderem den einzigen gro\u00dfen Garten im historischen Zentrum des Dorfes teilten. Der architektonische Stil der Residenz ist der eines gem\u00fctlichen und exklusiven Herrenhauses.<br \/>Bei der Renovierung der alten mittelalterlichen Geb\u00e4ude wurde auch auf Details geachtet, so dass die architektonische Sch\u00f6nheit der Kreuzgew\u00f6lbe, der Holzbalken, der handgefertigten Ziegel und der Originalfresken zur Geltung kommt.<\/p>\t\t\t\t\t\t\t\t<\/div>\n\t\t\t\t<\/div>\n\t\t\t\t<\/div>\n\t\t\t\t<\/div>\n\t\t<div class=\"elementor-element elementor-element-51a7113 e-con-full e-flex e-con e-parent\" data-id=\"51a7113\" data-element_type=\"container\" data-e-type=\"container\">\n\t\t<div class=\"elementor-element elementor-element-674b9e8 e-con-full e-flex e-con e-child\" data-id=\"674b9e8\" data-element_type=\"container\" data-e-type=\"container\" data-settings=\"{&quot;background_background&quot;:&quot;classic&quot;}\">\n\t\t\t\t<\/div>\n\t\t\t\t<\/div>\n\t\t<div class=\"elementor-element elementor-element-a87b21e e-con-full e-flex e-con e-parent\" data-id=\"a87b21e\" data-element_type=\"container\" data-e-type=\"container\" data-settings=\"{&quot;background_background&quot;:&quot;classic&quot;}\">\n\t\t\t\t<\/div>\n\t\t<div class=\"elementor-element elementor-element-f3f4d32 e-con-full e-flex e-con e-parent\" data-id=\"f3f4d32\" data-element_type=\"container\" data-e-type=\"container\" id=\"servizi\" data-settings=\"{&quot;background_background&quot;:&quot;classic&quot;}\">\n\t\t<div class=\"elementor-element elementor-element-094eea9 e-con-full e-flex e-con e-child\" data-id=\"094eea9\" data-element_type=\"container\" data-e-type=\"container\">\n\t\t\t\t<div class=\"elementor-element elementor-element-6e80872 elementor-widget elementor-widget-heading\" data-id=\"6e80872\" data-element_type=\"widget\" data-e-type=\"widget\" data-widget_type=\"heading.default\">\n\t\t\t\t<div class=\"elementor-widget-container\">\n\t\t\t\t\t<h2 class=\"elementor-heading-title elementor-size-default\">enthaltene<\/h2>\t\t\t\t<\/div>\n\t\t\t\t<\/div>\n\t\t\t\t<div class=\"elementor-element elementor-element-b7998fa elementor-widget elementor-widget-heading\" data-id=\"b7998fa\" data-element_type=\"widget\" data-e-type=\"widget\" data-widget_type=\"heading.default\">\n\t\t\t\t<div class=\"elementor-widget-container\">\n\t\t\t\t\t<h2 class=\"elementor-heading-title elementor-size-default\">Leistungen<\/h2>\t\t\t\t<\/div>\n\t\t\t\t<\/div>\n\t\t\t\t<div class=\"elementor-element elementor-element-17ba4d9 elementor-widget elementor-widget-text-editor\" data-id=\"17ba4d9\" data-element_type=\"widget\" data-e-type=\"widget\" data-widget_type=\"text-editor.default\">\n\t\t\t\t<div class=\"elementor-widget-container\">\n\t\t\t\t\t\t\t\t\t<p>Das Borgo da Mare bietet seinen G\u00e4sten: <strong>Sauna, Entspannungsbereich, Schwimmbad und Whirlpool<\/strong>alles innerhalb der eindrucksvollen mittelalterlichen Festung<\/p>\t\t\t\t\t\t\t\t<\/div>\n\t\t\t\t<\/div>\n\t\t\t\t<\/div>\n\t\t<div class=\"elementor-element elementor-element-febccd2 e-con-full elementor-hidden-desktop elementor-hidden-tablet e-flex e-con e-child\" data-id=\"febccd2\" data-element_type=\"container\" data-e-type=\"container\" data-settings=\"{&quot;background_background&quot;:&quot;slideshow&quot;,&quot;background_slideshow_gallery&quot;:[{&quot;id&quot;:189,&quot;url&quot;:&quot;http:\\\/\\\/borgodamare.cambia-marketing.it\\\/wp-content\\\/uploads\\\/2023\\\/11\\\/sauna-1.jpg&quot;},{&quot;id&quot;:190,&quot;url&quot;:&quot;http:\\\/\\\/borgodamare.cambia-marketing.it\\\/wp-content\\\/uploads\\\/2023\\\/11\\\/bici1.jpg&quot;},{&quot;id&quot;:182,&quot;url&quot;:&quot;http:\\\/\\\/borgodamare.cambia-marketing.it\\\/wp-content\\\/uploads\\\/2023\\\/11\\\/Esterni-1.jpg&quot;}],&quot;background_slideshow_loop&quot;:&quot;yes&quot;,&quot;background_slideshow_slide_duration&quot;:5000,&quot;background_slideshow_slide_transition&quot;:&quot;fade&quot;,&quot;background_slideshow_transition_duration&quot;:500}\">\n\t\t\t\t<\/div>\n\t\t<div class=\"elementor-element elementor-element-7c4d3a9 e-con-full elementor-hidden-mobile e-flex e-con e-child\" data-id=\"7c4d3a9\" data-element_type=\"container\" data-e-type=\"container\" data-settings=\"{&quot;background_background&quot;:&quot;classic&quot;}\">\n\t\t\t\t<\/div>\n\t\t<div class=\"elementor-element elementor-element-1a2d938 e-con-full elementor-hidden-mobile e-flex e-con e-child\" data-id=\"1a2d938\" data-element_type=\"container\" data-e-type=\"container\" data-settings=\"{&quot;background_background&quot;:&quot;classic&quot;}\">\n\t\t\t\t<\/div>\n\t\t<div class=\"elementor-element elementor-element-8c4db66 e-con-full elementor-hidden-mobile e-flex e-con e-child\" data-id=\"8c4db66\" data-element_type=\"container\" data-e-type=\"container\" data-settings=\"{&quot;background_background&quot;:&quot;classic&quot;}\">\n\t\t\t\t<\/div>\n\t\t\t\t<\/div>\n\t\t<div class=\"elementor-element elementor-element-c3cd790 e-con-full e-flex e-con e-parent\" data-id=\"c3cd790\" data-element_type=\"container\" data-e-type=\"container\" data-settings=\"{&quot;background_background&quot;:&quot;classic&quot;}\">\n\t\t<div class=\"elementor-element elementor-element-0bddae2 e-con-full e-flex e-con e-child\" data-id=\"0bddae2\" data-element_type=\"container\" data-e-type=\"container\">\n\t\t\t\t<div class=\"elementor-element elementor-element-289fd9c elementor-widget elementor-widget-heading\" data-id=\"289fd9c\" data-element_type=\"widget\" data-e-type=\"widget\" data-widget_type=\"heading.default\">\n\t\t\t\t<div class=\"elementor-widget-container\">\n\t\t\t\t\t<h2 class=\"elementor-heading-title elementor-size-default\">Dienstleistungen<\/h2>\t\t\t\t<\/div>\n\t\t\t\t<\/div>\n\t\t\t\t<div class=\"elementor-element elementor-element-2532600 elementor-widget elementor-widget-heading\" data-id=\"2532600\" data-element_type=\"widget\" data-e-type=\"widget\" data-widget_type=\"heading.default\">\n\t\t\t\t<div class=\"elementor-widget-container\">\n\t\t\t\t\t<h2 class=\"elementor-heading-title elementor-size-default\"> extra<\/h2>\t\t\t\t<\/div>\n\t\t\t\t<\/div>\n\t\t\t\t<div class=\"elementor-element elementor-element-9d965b2 elementor-widget elementor-widget-text-editor\" data-id=\"9d965b2\" data-element_type=\"widget\" data-e-type=\"widget\" data-widget_type=\"text-editor.default\">\n\t\t\t\t<div class=\"elementor-widget-container\">\n\t\t\t\t\t\t\t\t\t<p>Das Borgo da Mare bietet seinen G\u00e4sten auf Anfrage und gegen eine Geb\u00fchr die M\u00f6glichkeit, Massagen zu organisieren. <strong>Massage-Sitzungen<\/strong>.<\/p><p><b>Sie organisiert Veranstaltungen f\u00fcr Wanderfreunde.<\/b><\/p>\t\t\t\t\t\t\t\t<\/div>\n\t\t\t\t<\/div>\n\t\t<div class=\"elementor-element elementor-element-d64488c e-con-full elementor-hidden-desktop elementor-hidden-tablet e-flex e-con e-child\" data-id=\"d64488c\" data-element_type=\"container\" data-e-type=\"container\" data-settings=\"{&quot;background_background&quot;:&quot;slideshow&quot;,&quot;background_slideshow_gallery&quot;:[{&quot;id&quot;:183,&quot;url&quot;:&quot;http:\\\/\\\/borgodamare.cambia-marketing.it\\\/wp-content\\\/uploads\\\/2023\\\/11\\\/foto-ruggeri-2009-042.jpg&quot;},{&quot;id&quot;:986,&quot;url&quot;:&quot;http:\\\/\\\/borgodamare.cambia-marketing.it\\\/wp-content\\\/uploads\\\/2023\\\/12\\\/massaggi.jpg&quot;},{&quot;id&quot;:683,&quot;url&quot;:&quot;http:\\\/\\\/borgodamare.cambia-marketing.it\\\/wp-content\\\/uploads\\\/2023\\\/12\\\/bike.jpg&quot;}],&quot;background_slideshow_loop&quot;:&quot;yes&quot;,&quot;background_slideshow_slide_duration&quot;:5000,&quot;background_slideshow_slide_transition&quot;:&quot;fade&quot;,&quot;background_slideshow_transition_duration&quot;:500}\">\n\t\t\t\t<\/div>\n\t\t\t\t<\/div>\n\t\t<div class=\"elementor-element elementor-element-e17a700 e-con-full elementor-hidden-mobile e-flex e-con e-child\" data-id=\"e17a700\" data-element_type=\"container\" data-e-type=\"container\" data-settings=\"{&quot;background_background&quot;:&quot;classic&quot;}\">\n\t\t\t\t<\/div>\n\t\t<div class=\"elementor-element elementor-element-476c52f e-con-full elementor-hidden-mobile e-flex e-con e-child\" data-id=\"476c52f\" data-element_type=\"container\" data-e-type=\"container\" data-settings=\"{&quot;background_background&quot;:&quot;classic&quot;}\">\n\t\t\t\t<\/div>\n\t\t<div class=\"elementor-element elementor-element-a55c183 e-con-full elementor-hidden-mobile e-flex e-con e-child\" data-id=\"a55c183\" data-element_type=\"container\" data-e-type=\"container\" data-settings=\"{&quot;background_background&quot;:&quot;classic&quot;}\">\n\t\t\t\t<\/div>\n\t\t\t\t<\/div>\n\t\t<div class=\"elementor-element elementor-element-ea25fe0 e-con-full e-flex e-con e-child\" data-id=\"ea25fe0\" data-element_type=\"container\" data-e-type=\"container\">\n\t\t<div class=\"elementor-element elementor-element-8b5dfe4 e-con-full e-flex e-con e-child\" data-id=\"8b5dfe4\" data-element_type=\"container\" data-e-type=\"container\">\n\t\t\t\t<div class=\"elementor-element elementor-element-4f02465 elementor-widget elementor-widget-heading\" data-id=\"4f02465\" data-element_type=\"widget\" data-e-type=\"widget\" data-widget_type=\"heading.default\">\n\t\t\t\t<div class=\"elementor-widget-container\">\n\t\t\t\t\t<h2 class=\"elementor-heading-title elementor-size-default\">Borgo da mare<\/h2>\t\t\t\t<\/div>\n\t\t\t\t<\/div>\n\t\t\t\t<div class=\"elementor-element elementor-element-179bb3a elementor-widget elementor-widget-heading\" data-id=\"179bb3a\" data-element_type=\"widget\" data-e-type=\"widget\" data-widget_type=\"heading.default\">\n\t\t\t\t<div class=\"elementor-widget-container\">\n\t\t\t\t\t<h2 class=\"elementor-heading-title elementor-size-default\">Erlebnisse in der Umgebung<\/h2>\t\t\t\t<\/div>\n\t\t\t\t<\/div>\n\t\t\t\t<div class=\"elementor-element elementor-element-75321c5 elementor-widget elementor-widget-text-editor\" data-id=\"75321c5\" data-element_type=\"widget\" data-e-type=\"widget\" data-widget_type=\"text-editor.default\">\n\t\t\t\t<div class=\"elementor-widget-container\">\n\t\t\t\t\t\t\t\t\t<p>Borgo da Mare, zwischen den Regionen Marken und Abruzzen gelegen, ist nur 4 km von der Adria bei San Benedetto del Tronto entfernt. Die Residenz ist ein idealer Ausgangspunkt f\u00fcr Wanderungen, Reitausfl\u00fcge oder Ausfl\u00fcge in die nahe gelegenen St\u00e4dte Ascoli Piceno und Grottammare.\u00a0<\/p>\t\t\t\t\t\t\t\t<\/div>\n\t\t\t\t<\/div>\n\t\t\t\t<\/div>\n\t\t\t\t<\/div>\n\t\t<div class=\"elementor-element elementor-element-fd6a472 e-con-full e-flex e-con e-parent\" data-id=\"fd6a472\" data-element_type=\"container\" data-e-type=\"container\">\n\t\t<div class=\"elementor-element elementor-element-8a0883f e-con-full e-flex e-con e-child\" data-id=\"8a0883f\" data-element_type=\"container\" data-e-type=\"container\" data-settings=\"{&quot;background_background&quot;:&quot;classic&quot;}\">\n\t\t<div class=\"elementor-element elementor-element-bb9af55 e-con-full e-flex e-con e-child\" data-id=\"bb9af55\" data-element_type=\"container\" data-e-type=\"container\">\n\t\t<div class=\"elementor-element elementor-element-672daea e-con-full e-transform e-flex e-con e-child\" data-id=\"672daea\" data-element_type=\"container\" data-e-type=\"container\" data-settings=\"{&quot;_transform_rotateZ_effect&quot;:{&quot;unit&quot;:&quot;px&quot;,&quot;size&quot;:-90,&quot;sizes&quot;:[]},&quot;_transform_rotateZ_effect_mobile&quot;:{&quot;unit&quot;:&quot;deg&quot;,&quot;size&quot;:0,&quot;sizes&quot;:[]},&quot;_transform_rotateZ_effect_tablet&quot;:{&quot;unit&quot;:&quot;deg&quot;,&quot;size&quot;:&quot;&quot;,&quot;sizes&quot;:[]}}\">\n\t\t\t\t<div class=\"elementor-element elementor-element-52ed271 elementor-widget elementor-widget-heading\" data-id=\"52ed271\" data-element_type=\"widget\" data-e-type=\"widget\" data-widget_type=\"heading.default\">\n\t\t\t\t<div class=\"elementor-widget-container\">\n\t\t\t\t\t<h2 class=\"elementor-heading-title elementor-size-default\">Konventionelle<br> Kehrmaschinen<\/h2>\t\t\t\t<\/div>\n\t\t\t\t<\/div>\n\t\t\t\t<\/div>\n\t\t\t\t<\/div>\n\t\t\t\t<\/div>\n\t\t<div class=\"elementor-element elementor-element-43e78d1 e-con-full e-flex e-con e-child\" data-id=\"43e78d1\" data-element_type=\"container\" data-e-type=\"container\" data-settings=\"{&quot;background_background&quot;:&quot;classic&quot;}\">\n\t\t<div class=\"elementor-element elementor-element-c8ef598 e-con-full e-flex e-con e-child\" data-id=\"c8ef598\" data-element_type=\"container\" data-e-type=\"container\">\n\t\t<div class=\"elementor-element elementor-element-12d3533 e-con-full e-transform e-flex e-con e-child\" data-id=\"12d3533\" data-element_type=\"container\" data-e-type=\"container\" data-settings=\"{&quot;_transform_rotateZ_effect&quot;:{&quot;unit&quot;:&quot;px&quot;,&quot;size&quot;:-90,&quot;sizes&quot;:[]},&quot;_transform_rotateZ_effect_mobile&quot;:{&quot;unit&quot;:&quot;deg&quot;,&quot;size&quot;:0,&quot;sizes&quot;:[]},&quot;_transform_rotateZ_effect_tablet&quot;:{&quot;unit&quot;:&quot;deg&quot;,&quot;size&quot;:&quot;&quot;,&quot;sizes&quot;:[]}}\">\n\t\t\t\t<div class=\"elementor-element elementor-element-c69e223 elementor-widget elementor-widget-heading\" data-id=\"c69e223\" data-element_type=\"widget\" data-e-type=\"widget\" data-widget_type=\"heading.default\">\n\t\t\t\t<div class=\"elementor-widget-container\">\n\t\t\t\t\t<h2 class=\"elementor-heading-title elementor-size-default\">IMMERSIONEN <br>TAUCHG\u00c4NGE<\/h2>\t\t\t\t<\/div>\n\t\t\t\t<\/div>\n\t\t\t\t<\/div>\n\t\t\t\t<\/div>\n\t\t\t\t<\/div>\n\t\t<div class=\"elementor-element elementor-element-d6293a9 e-con-full e-flex e-con e-child\" data-id=\"d6293a9\" data-element_type=\"container\" data-e-type=\"container\" data-settings=\"{&quot;background_background&quot;:&quot;classic&quot;}\">\n\t\t<div class=\"elementor-element elementor-element-ae7e390 e-con-full e-flex e-con e-child\" data-id=\"ae7e390\" data-element_type=\"container\" data-e-type=\"container\">\n\t\t<div class=\"elementor-element elementor-element-101122d e-con-full e-transform e-flex e-con e-child\" data-id=\"101122d\" data-element_type=\"container\" data-e-type=\"container\" data-settings=\"{&quot;_transform_rotateZ_effect&quot;:{&quot;unit&quot;:&quot;px&quot;,&quot;size&quot;:-90,&quot;sizes&quot;:[]},&quot;_transform_rotateZ_effect_mobile&quot;:{&quot;unit&quot;:&quot;deg&quot;,&quot;size&quot;:0,&quot;sizes&quot;:[]},&quot;_transform_rotateZ_effect_tablet&quot;:{&quot;unit&quot;:&quot;deg&quot;,&quot;size&quot;:&quot;&quot;,&quot;sizes&quot;:[]}}\">\n\t\t\t\t<div class=\"elementor-element elementor-element-fb36568 elementor-widget__width-auto elementor-widget elementor-widget-heading\" data-id=\"fb36568\" data-element_type=\"widget\" data-e-type=\"widget\" data-widget_type=\"heading.default\">\n\t\t\t\t<div class=\"elementor-widget-container\">\n\t\t\t\t\t<h2 class=\"elementor-heading-title elementor-size-default\">trekking<br>in den Bergen<\/h2>\t\t\t\t<\/div>\n\t\t\t\t<\/div>\n\t\t\t\t<\/div>\n\t\t\t\t<\/div>\n\t\t\t\t<\/div>\n\t\t<div class=\"elementor-element elementor-element-02f139d e-con-full e-flex e-con e-child\" data-id=\"02f139d\" data-element_type=\"container\" data-e-type=\"container\" data-settings=\"{&quot;background_background&quot;:&quot;classic&quot;}\">\n\t\t<div class=\"elementor-element elementor-element-df0e304 e-con-full e-flex e-con e-child\" data-id=\"df0e304\" data-element_type=\"container\" data-e-type=\"container\">\n\t\t<div class=\"elementor-element elementor-element-52702f1 e-con-full e-transform e-flex e-con e-child\" data-id=\"52702f1\" data-element_type=\"container\" data-e-type=\"container\" data-settings=\"{&quot;_transform_rotateZ_effect&quot;:{&quot;unit&quot;:&quot;px&quot;,&quot;size&quot;:-90,&quot;sizes&quot;:[]},&quot;_transform_rotateZ_effect_mobile&quot;:{&quot;unit&quot;:&quot;deg&quot;,&quot;size&quot;:0,&quot;sizes&quot;:[]},&quot;_transform_rotateZ_effect_tablet&quot;:{&quot;unit&quot;:&quot;deg&quot;,&quot;size&quot;:&quot;&quot;,&quot;sizes&quot;:[]}}\">\n\t\t\t\t<div class=\"elementor-element elementor-element-78e109e elementor-widget elementor-widget-heading\" data-id=\"78e109e\" data-element_type=\"widget\" data-e-type=\"widget\" data-widget_type=\"heading.default\">\n\t\t\t\t<div class=\"elementor-widget-container\">\n\t\t\t\t\t<h2 class=\"elementor-heading-title elementor-size-default\">PFERD<br> REITEN<\/h2>\t\t\t\t<\/div>\n\t\t\t\t<\/div>\n\t\t\t\t<\/div>\n\t\t\t\t<\/div>\n\t\t\t\t<\/div>\n\t\t<div class=\"elementor-element elementor-element-03ef9fa e-con-full e-flex e-con e-child\" data-id=\"03ef9fa\" data-element_type=\"container\" data-e-type=\"container\" data-settings=\"{&quot;background_background&quot;:&quot;classic&quot;}\">\n\t\t<div class=\"elementor-element elementor-element-fe83267 e-con-full e-flex e-con e-child\" data-id=\"fe83267\" data-element_type=\"container\" data-e-type=\"container\">\n\t\t<div class=\"elementor-element elementor-element-eb660a2 e-con-full e-transform e-flex e-con e-child\" data-id=\"eb660a2\" data-element_type=\"container\" data-e-type=\"container\" data-settings=\"{&quot;_transform_rotateZ_effect&quot;:{&quot;unit&quot;:&quot;px&quot;,&quot;size&quot;:-90,&quot;sizes&quot;:[]},&quot;_transform_rotateZ_effect_mobile&quot;:{&quot;unit&quot;:&quot;deg&quot;,&quot;size&quot;:0,&quot;sizes&quot;:[]},&quot;_transform_rotateZ_effect_tablet&quot;:{&quot;unit&quot;:&quot;deg&quot;,&quot;size&quot;:&quot;&quot;,&quot;sizes&quot;:[]}}\">\n\t\t\t\t<div class=\"elementor-element elementor-element-9bee771 elementor-widget elementor-widget-heading\" data-id=\"9bee771\" data-element_type=\"widget\" data-e-type=\"widget\" data-widget_type=\"heading.default\">\n\t\t\t\t<div class=\"elementor-widget-container\">\n\t\t\t\t\t<h2 class=\"elementor-heading-title elementor-size-default\">STADT <br>DER KUNST<\/h2>\t\t\t\t<\/div>\n\t\t\t\t<\/div>\n\t\t\t\t<\/div>\n\t\t\t\t<\/div>\n\t\t\t\t<\/div>\n\t\t\t\t<\/div>\n\t\t\t\t<\/div>","protected":false},"excerpt":{"rendered":"<p>Borgo da mare il residence Il residence nasce nel 2008 in seguito al restauro di due case, bellezze architettoniche del 1500, che condividevano tra l&#8217;altro l&#8217;unico grande giardino presente nel centro storico del paese. Lo stile architettonico del residence \u00e8 quello accogliente ed esclusivo di una dimora d&#8217;epoca.Durante la ristrutturazione degli antichi palazzi medioevali \u00e8 [&hellip;]<\/p>","protected":false},"author":1,"featured_media":0,"parent":0,"menu_order":0,"comment_status":"closed","ping_status":"closed","template":"elementor_header_footer","meta":{"footnotes":""},"class_list":["post-399","page","type-page","status-publish","hentry"],"_links":{"self":[{"href":"https:\/\/residenceborgodamare.it\/de\/wp-json\/wp\/v2\/pages\/399","targetHints":{"allow":["GET"]}}],"collection":[{"href":"https:\/\/residenceborgodamare.it\/de\/wp-json\/wp\/v2\/pages"}],"about":[{"href":"https:\/\/residenceborgodamare.it\/de\/wp-json\/wp\/v2\/types\/page"}],"author":[{"embeddable":true,"href":"https:\/\/residenceborgodamare.it\/de\/wp-json\/wp\/v2\/users\/1"}],"replies":[{"embeddable":true,"href":"https:\/\/residenceborgodamare.it\/de\/wp-json\/wp\/v2\/comments?post=399"}],"version-history":[{"count":106,"href":"https:\/\/residenceborgodamare.it\/de\/wp-json\/wp\/v2\/pages\/399\/revisions"}],"predecessor-version":[{"id":1570,"href":"https:\/\/residenceborgodamare.it\/de\/wp-json\/wp\/v2\/pages\/399\/revisions\/1570"}],"wp:attachment":[{"href":"https:\/\/residenceborgodamare.it\/de\/wp-json\/wp\/v2\/media?parent=399"}],"curies":[{"name":"wp","href":"https:\/\/api.w.org\/{rel}","templated":true}]}}